{"id":4667,"date":"2025-12-02T11:51:32","date_gmt":"2025-12-02T11:51:32","guid":{"rendered":"https:\/\/gursomobilya.com\/?post_type=product&#038;p=4667"},"modified":"2025-12-02T12:01:41","modified_gmt":"2025-12-02T12:01:41","slug":"stella-duvar-uniteleri","status":"publish","type":"product","link":"https:\/\/gursomobilya.com\/en\/product\/stella-duvar-uniteleri\/","title":{"rendered":"Stella Duvar \u00dcniteleri"},"content":{"rendered":"<table width=\"645\">\n<tbody>\n<tr>\n<td width=\"129\">Content<\/td>\n<td colspan=\"4\" width=\"516\">Alt mod\u00fcl ve vitrin mod\u00fclden olu\u015fmaktad\u0131r.<\/td>\n<\/tr>\n<tr>\n<td width=\"129\">Material<\/td>\n<td colspan=\"4\" width=\"516\">\u00dcr\u00fcn\u00fcm\u00fczde ithal melamin kapl\u0131 yongalam kullan\u0131lm\u0131\u015ft\u0131r.<\/td>\n<\/tr>\n<tr>\n<td width=\"129\">Wood Care<\/td>\n<td colspan=\"4\" width=\"516\">You can clean your furniture by wiping it with a damp cloth. Protect it from direct sunlight. Avoid prolonged contact with hot surfaces and water.<\/td>\n<\/tr>\n<tr>\n<td rowspan=\"3\" width=\"129\">Additional Information<\/td>\n<td colspan=\"4\" width=\"516\">Duvar \u00fcnitesi kapaklar\u0131nda ithal melamin kapl\u0131 yongalam kullan\u0131lm\u0131\u015ft\u0131r.<\/td>\n<\/tr>\n<tr>\n<td colspan=\"4\" width=\"516\">Kapaklarda 1. s\u0131n\u0131f mente\u015fe kullan\u0131lm\u0131\u015ft\u0131r.<\/td>\n<\/tr>\n<tr>\n<td colspan=\"4\" width=\"516\">\u00dcr\u00fcn\u00fcn istenilen par\u00e7as\u0131 tek ba\u015f\u0131na sat\u0131n al\u0131nabilir.<\/p>\n<p>vitrin mod\u00fclde ayd\u0131nlatma bulunmaktad\u0131r.<\/td>\n<\/tr>\n<tr>\n<td width=\"129\">Disassembled Parts<\/td>\n<td colspan=\"4\" width=\"516\">\u00dcr\u00fcn tamam\u0131 demonte g\u00f6nderilmektedir.<\/td>\n<\/tr>\n<\/tbody>\n<\/table>\n<table width=\"529\">\n<tbody>\n<tr>\n<td width=\"227\"><\/td>\n<td width=\"64\">SIZE<\/td>\n<td width=\"64\">WIDTH<\/td>\n<td width=\"71\">HEIGHT<\/td>\n<\/tr>\n<tr>\n<td>STELLA DUVAR \u00dcN\u0130TES\u0130 ALT MOD\u00dcL<\/td>\n<td>162<\/td>\n<td>48<\/td>\n<td>45<\/td>\n<\/tr>\n<tr>\n<td>STELLA\u00a0 DUVAR \u00dcN\u0130TES\u0130 V\u0130TR\u0130N MOD\u00dcL<\/td>\n<td>110<\/td>\n<td>57<\/td>\n<td>141<\/td>\n<\/tr>\n<\/tbody>\n<\/table>","protected":false},"excerpt":{"rendered":"<p>Tak\u0131m \u0130\u00e7eri\u011fi Alt mod\u00fcl ve vitrin mod\u00fclden olu\u015fmaktad\u0131r. Malzeme \u00dcr\u00fcn\u00fcm\u00fczde ithal melamin kapl\u0131 yongalam kullan\u0131lm\u0131\u015ft\u0131r. Ah\u015fap Bak\u0131m\u0131 Mobilyalar\u0131n\u0131z\u0131 nemli bezle<\/p>","protected":false},"featured_media":4668,"template":"","meta":{"_joinchat":[]},"pwb-brand":[97],"product_brand":[],"product_cat":[76],"product_tag":[],"berocket_brand":[],"class_list":{"0":"post-4667","1":"product","2":"type-product","3":"status-publish","4":"has-post-thumbnail","6":"pwb-brand-rapsodi","7":"product_cat-duvar-uniteleri","9":"first","10":"instock","11":"shipping-taxable","12":"product-type-simple"},"brands":[{"id":97,"name":"Rapsodi","slug":"rapsodi"}],"_links":{"self":[{"href":"https:\/\/gursomobilya.com\/en\/wp-json\/wp\/v2\/product\/4667","targetHints":{"allow":["GET"]}}],"collection":[{"href":"https:\/\/gursomobilya.com\/en\/wp-json\/wp\/v2\/product"}],"about":[{"href":"https:\/\/gursomobilya.com\/en\/wp-json\/wp\/v2\/types\/product"}],"version-history":[{"count":1,"href":"https:\/\/gursomobilya.com\/en\/wp-json\/wp\/v2\/product\/4667\/revisions"}],"predecessor-version":[{"id":4673,"href":"https:\/\/gursomobilya.com\/en\/wp-json\/wp\/v2\/product\/4667\/revisions\/4673"}],"wp:featuredmedia":[{"embeddable":true,"href":"https:\/\/gursomobilya.com\/en\/wp-json\/wp\/v2\/media\/4668"}],"wp:attachment":[{"href":"https:\/\/gursomobilya.com\/en\/wp-json\/wp\/v2\/media?parent=4667"}],"wp:term":[{"taxonomy":"pwb-brand","embeddable":true,"href":"https:\/\/gursomobilya.com\/en\/wp-json\/wp\/v2\/pwb-brand?post=4667"},{"taxonomy":"product_brand","embeddable":true,"href":"https:\/\/gursomobilya.com\/en\/wp-json\/wp\/v2\/product_brand?post=4667"},{"taxonomy":"product_cat","embeddable":true,"href":"https:\/\/gursomobilya.com\/en\/wp-json\/wp\/v2\/product_cat?post=4667"},{"taxonomy":"product_tag","embeddable":true,"href":"https:\/\/gursomobilya.com\/en\/wp-json\/wp\/v2\/product_tag?post=4667"},{"taxonomy":"berocket_brand","embeddable":true,"href":"https:\/\/gursomobilya.com\/en\/wp-json\/wp\/v2\/berocket_brand?post=4667"}],"curies":[{"name":"wp","href":"https:\/\/api.w.org\/{rel}","templated":true}]}}