{"id":4699,"date":"2025-12-02T12:49:39","date_gmt":"2025-12-02T12:49:39","guid":{"rendered":"https:\/\/gursomobilya.com\/?post_type=product&#038;p=4699"},"modified":"2025-12-02T12:49:39","modified_gmt":"2025-12-02T12:49:39","slug":"sahra-duvar-uniteleri","status":"publish","type":"product","link":"https:\/\/gursomobilya.com\/en\/product\/sahra-duvar-uniteleri\/","title":{"rendered":"Sahra Duvar \u00dcniteleri"},"content":{"rendered":"<table width=\"645\">\n<tbody>\n<tr>\n<td width=\"129\">Content<\/td>\n<td colspan=\"4\" width=\"516\">Alt mod\u00fcl ve \u00fcst mod\u00fclden olu\u015fmaktad\u0131r.<\/td>\n<\/tr>\n<tr>\n<td width=\"129\">Material<\/td>\n<td colspan=\"4\" width=\"516\">\u00dcr\u00fcn\u00fcm\u00fczde ithal melamin kapl\u0131 yongalam kullan\u0131lm\u0131\u015ft\u0131r.<\/td>\n<\/tr>\n<tr>\n<td width=\"129\">Foot Material<\/td>\n<td colspan=\"4\" width=\"516\">Ayaklar\u00a0siyah fiber malzemedendir.<\/td>\n<\/tr>\n<tr>\n<td width=\"129\">Wood Care<\/td>\n<td colspan=\"4\" width=\"516\">You can clean your furniture by wiping it with a damp cloth. Protect it from direct sunlight. Avoid prolonged contact with hot surfaces and water.<\/td>\n<\/tr>\n<tr>\n<td rowspan=\"3\" width=\"129\">Additional Information<\/td>\n<td colspan=\"4\" width=\"516\">Duvar \u00fcnitesi kapaklar\u0131nda ithal melamin kapl\u0131 yongalam kullan\u0131lm\u0131\u015ft\u0131r.<\/td>\n<\/tr>\n<tr>\n<td colspan=\"4\" width=\"516\">Kapaklarda 1. s\u0131n\u0131f mente\u015fe kullan\u0131lm\u0131\u015ft\u0131r.<\/td>\n<\/tr>\n<tr>\n<td colspan=\"4\" width=\"516\">\u00dcr\u00fcn\u00fcn istenilen par\u00e7as\u0131 tek ba\u015f\u0131na sat\u0131n al\u0131nabilir.<\/td>\n<\/tr>\n<tr>\n<td width=\"129\">Disassembled Parts<\/td>\n<td colspan=\"4\" width=\"516\">\u00dcr\u00fcn tamam\u0131 demonte g\u00f6nderilmektedir.<\/td>\n<\/tr>\n<tr>\n<td width=\"129\"><\/td>\n<td width=\"129\">Color<\/td>\n<td width=\"129\">Size<\/td>\n<td width=\"129\">Depth<\/td>\n<td width=\"129\">Height<\/td>\n<\/tr>\n<tr>\n<td width=\"129\">Alt Mod\u00fcl<\/td>\n<td width=\"129\">Standard<\/td>\n<td>185<\/td>\n<td>46<\/td>\n<td>58<\/td>\n<\/tr>\n<tr>\n<td width=\"129\">\u00dcst Mod\u00fcl<\/td>\n<td width=\"129\">Standard<\/td>\n<td>185<\/td>\n<td>26<\/td>\n<td>66<\/td>\n<\/tr>\n<\/tbody>\n<\/table>","protected":false},"excerpt":{"rendered":"<p>Tak\u0131m \u0130\u00e7eri\u011fi Alt mod\u00fcl ve \u00fcst mod\u00fclden olu\u015fmaktad\u0131r. Malzeme \u00dcr\u00fcn\u00fcm\u00fczde ithal melamin kapl\u0131 yongalam kullan\u0131lm\u0131\u015ft\u0131r. Ayak Malzemesi Ayaklar\u00a0siyah fiber malzemedendir.<\/p>","protected":false},"featured_media":4700,"template":"","meta":{"_joinchat":[]},"pwb-brand":[],"product_brand":[],"product_cat":[76],"product_tag":[],"berocket_brand":[],"class_list":{"0":"post-4699","1":"product","2":"type-product","3":"status-publish","4":"has-post-thumbnail","6":"product_cat-duvar-uniteleri","8":"first","9":"instock","10":"shipping-taxable","11":"product-type-simple"},"brands":[],"_links":{"self":[{"href":"https:\/\/gursomobilya.com\/en\/wp-json\/wp\/v2\/product\/4699","targetHints":{"allow":["GET"]}}],"collection":[{"href":"https:\/\/gursomobilya.com\/en\/wp-json\/wp\/v2\/product"}],"about":[{"href":"https:\/\/gursomobilya.com\/en\/wp-json\/wp\/v2\/types\/product"}],"version-history":[{"count":1,"href":"https:\/\/gursomobilya.com\/en\/wp-json\/wp\/v2\/product\/4699\/revisions"}],"predecessor-version":[{"id":4704,"href":"https:\/\/gursomobilya.com\/en\/wp-json\/wp\/v2\/product\/4699\/revisions\/4704"}],"wp:featuredmedia":[{"embeddable":true,"href":"https:\/\/gursomobilya.com\/en\/wp-json\/wp\/v2\/media\/4700"}],"wp:attachment":[{"href":"https:\/\/gursomobilya.com\/en\/wp-json\/wp\/v2\/media?parent=4699"}],"wp:term":[{"taxonomy":"pwb-brand","embeddable":true,"href":"https:\/\/gursomobilya.com\/en\/wp-json\/wp\/v2\/pwb-brand?post=4699"},{"taxonomy":"product_brand","embeddable":true,"href":"https:\/\/gursomobilya.com\/en\/wp-json\/wp\/v2\/product_brand?post=4699"},{"taxonomy":"product_cat","embeddable":true,"href":"https:\/\/gursomobilya.com\/en\/wp-json\/wp\/v2\/product_cat?post=4699"},{"taxonomy":"product_tag","embeddable":true,"href":"https:\/\/gursomobilya.com\/en\/wp-json\/wp\/v2\/product_tag?post=4699"},{"taxonomy":"berocket_brand","embeddable":true,"href":"https:\/\/gursomobilya.com\/en\/wp-json\/wp\/v2\/berocket_brand?post=4699"}],"curies":[{"name":"wp","href":"https:\/\/api.w.org\/{rel}","templated":true}]}}