{"id":4712,"date":"2025-12-02T12:59:20","date_gmt":"2025-12-02T12:59:20","guid":{"rendered":"https:\/\/gursomobilya.com\/?post_type=product&#038;p=4712"},"modified":"2025-12-02T13:00:08","modified_gmt":"2025-12-02T13:00:08","slug":"napoli-dark-duvar-uniteleri","status":"publish","type":"product","link":"https:\/\/gursomobilya.com\/en\/product\/napoli-dark-duvar-uniteleri\/","title":{"rendered":"Napoli Dark Duvar \u00dcniteleri"},"content":{"rendered":"<table width=\"802\">\n<tbody>\n<tr>\n<td width=\"121\"><strong>Content<\/strong><\/td>\n<td colspan=\"4\" width=\"561\">Tak\u0131m i\u00e7eri\u011finde alt mod\u00fcl, raf mod\u00fcl\u00fc ve vitrin mod\u00fcl\u00fc bulunmaktad\u0131r.<\/td>\n<\/tr>\n<tr>\n<td width=\"121\"><strong>Material<\/strong><\/td>\n<td colspan=\"4\" width=\"561\">\u00dcr\u00fcn\u00fcm\u00fczde ithal melamin kapl\u0131 yongalam kullan\u0131lm\u0131\u015ft\u0131r.<\/td>\n<\/tr>\n<tr>\n<td width=\"121\"><strong>Wood Care<\/strong><\/td>\n<td colspan=\"4\" width=\"561\">You can clean your furniture by wiping it with a damp cloth. Protect it from direct sunlight. Avoid prolonged contact with hot surfaces and water.<\/td>\n<\/tr>\n<tr>\n<td rowspan=\"2\" width=\"121\"><strong>Additional Information<\/strong><\/td>\n<td colspan=\"4\" width=\"561\">Kapaklarda 1. s\u0131n\u0131f mente\u015fe kullan\u0131lm\u0131\u015ft\u0131r.<\/td>\n<\/tr>\n<tr>\n<td colspan=\"4\" width=\"561\">\u00dcr\u00fcn\u00fcn istenilen par\u00e7as\u0131 tek ba\u015f\u0131na sat\u0131n al\u0131nabilir.<\/td>\n<\/tr>\n<tr>\n<td width=\"121\"><strong>Disassembled Parts<\/strong><\/td>\n<td colspan=\"4\" width=\"561\">\u00dcr\u00fcn tamam\u0131 demonte g\u00f6nderilmektedir.<\/td>\n<\/tr>\n<tr>\n<td width=\"121\"><strong>\u00a0<\/strong><\/td>\n<td width=\"64\"><strong>Color<\/strong><\/td>\n<td width=\"64\"><strong>Size<\/strong><\/td>\n<td width=\"64\"><strong>Depth<\/strong><\/td>\n<td width=\"369\"><strong>Height<\/strong><\/td>\n<\/tr>\n<tr>\n<td width=\"121\"><strong>Alt Mod\u00fcl<\/strong><\/td>\n<td width=\"64\">Standard<\/td>\n<td width=\"64\">150<\/td>\n<td width=\"64\">49<\/td>\n<td width=\"369\">50<\/td>\n<\/tr>\n<tr>\n<td width=\"121\"><strong>Raf Mod\u00fcl\u00fc<\/strong><\/td>\n<td width=\"64\">Standard<\/td>\n<td width=\"64\">120<\/td>\n<td width=\"64\">22<\/td>\n<td width=\"369\">25<\/td>\n<\/tr>\n<tr>\n<td width=\"121\"><strong>Vitrin Mod\u00fcl\u00fc<\/strong><\/td>\n<td width=\"64\">Standard<\/td>\n<td width=\"64\">54<\/td>\n<td width=\"64\">49<\/td>\n<td width=\"369\">165<\/td>\n<\/tr>\n<\/tbody>\n<\/table>","protected":false},"excerpt":{"rendered":"<p>Tak\u0131m \u0130\u00e7eri\u011fi Tak\u0131m i\u00e7eri\u011finde alt mod\u00fcl, raf mod\u00fcl\u00fc ve vitrin mod\u00fcl\u00fc bulunmaktad\u0131r. Malzeme \u00dcr\u00fcn\u00fcm\u00fczde ithal melamin kapl\u0131 yongalam kullan\u0131lm\u0131\u015ft\u0131r. Ah\u015fap<\/p>","protected":false},"featured_media":4713,"template":"","meta":{"_joinchat":[]},"pwb-brand":[97],"product_brand":[],"product_cat":[76],"product_tag":[],"berocket_brand":[],"class_list":{"0":"post-4712","1":"product","2":"type-product","3":"status-publish","4":"has-post-thumbnail","6":"pwb-brand-rapsodi","7":"product_cat-duvar-uniteleri","9":"first","10":"instock","11":"shipping-taxable","12":"product-type-simple"},"brands":[{"id":97,"name":"Rapsodi","slug":"rapsodi"}],"_links":{"self":[{"href":"https:\/\/gursomobilya.com\/en\/wp-json\/wp\/v2\/product\/4712","targetHints":{"allow":["GET"]}}],"collection":[{"href":"https:\/\/gursomobilya.com\/en\/wp-json\/wp\/v2\/product"}],"about":[{"href":"https:\/\/gursomobilya.com\/en\/wp-json\/wp\/v2\/types\/product"}],"version-history":[{"count":1,"href":"https:\/\/gursomobilya.com\/en\/wp-json\/wp\/v2\/product\/4712\/revisions"}],"predecessor-version":[{"id":4717,"href":"https:\/\/gursomobilya.com\/en\/wp-json\/wp\/v2\/product\/4712\/revisions\/4717"}],"wp:featuredmedia":[{"embeddable":true,"href":"https:\/\/gursomobilya.com\/en\/wp-json\/wp\/v2\/media\/4713"}],"wp:attachment":[{"href":"https:\/\/gursomobilya.com\/en\/wp-json\/wp\/v2\/media?parent=4712"}],"wp:term":[{"taxonomy":"pwb-brand","embeddable":true,"href":"https:\/\/gursomobilya.com\/en\/wp-json\/wp\/v2\/pwb-brand?post=4712"},{"taxonomy":"product_brand","embeddable":true,"href":"https:\/\/gursomobilya.com\/en\/wp-json\/wp\/v2\/product_brand?post=4712"},{"taxonomy":"product_cat","embeddable":true,"href":"https:\/\/gursomobilya.com\/en\/wp-json\/wp\/v2\/product_cat?post=4712"},{"taxonomy":"product_tag","embeddable":true,"href":"https:\/\/gursomobilya.com\/en\/wp-json\/wp\/v2\/product_tag?post=4712"},{"taxonomy":"berocket_brand","embeddable":true,"href":"https:\/\/gursomobilya.com\/en\/wp-json\/wp\/v2\/berocket_brand?post=4712"}],"curies":[{"name":"wp","href":"https:\/\/api.w.org\/{rel}","templated":true}]}}