{"id":4718,"date":"2025-12-02T13:05:23","date_gmt":"2025-12-02T13:05:23","guid":{"rendered":"https:\/\/gursomobilya.com\/?post_type=product&#038;p=4718"},"modified":"2025-12-02T13:10:56","modified_gmt":"2025-12-02T13:10:56","slug":"edo-duvar-uniteleri","status":"publish","type":"product","link":"https:\/\/gursomobilya.com\/en\/product\/edo-duvar-uniteleri\/","title":{"rendered":"Edo Duvar \u00dcniteleri"},"content":{"rendered":"<table width=\"789\">\n<tbody>\n<tr>\n<td width=\"190\"><strong>Content<\/strong><\/td>\n<td>Alt mod\u00fcl, dik mod\u00fcl ve \u00fcst yatay mod\u00fclden olu\u015fmaktad\u0131r.<\/td>\n<\/tr>\n<tr>\n<td width=\"190\"><strong>Material<\/strong><\/td>\n<td>Suntalam malzemeden \u00fcretilmi\u015ftir.<\/td>\n<\/tr>\n<tr>\n<td width=\"190\"><strong>Foot Material<\/strong><\/td>\n<td>Metal<\/td>\n<\/tr>\n<tr>\n<td width=\"190\"><strong>Wood Care<\/strong><\/td>\n<td>You can clean your furniture by wiping it with a damp cloth. Protect it from direct sunlight. Avoid prolonged contact with hot surfaces and water.<\/td>\n<\/tr>\n<tr>\n<td width=\"190\"><strong>Additional Information<\/strong><\/td>\n<td>\u00c7ekmecelerde teleskopik ray mekanizmas\u0131 kullan\u0131lm\u0131\u015ft\u0131r.<br \/>\nKapaklarda ve \u00e7ekmecelerde otomatik fren sistemi mevcuttur.<br \/>\nKapaklarda 1. s\u0131n\u0131f mente\u015fe kullan\u0131lm\u0131\u015ft\u0131r.<br \/>\n\u00dcr\u00fcn\u00fcn istenilen par\u00e7as\u0131 tek ba\u015f\u0131na sat\u0131n al\u0131nabilir.<\/td>\n<\/tr>\n<tr>\n<td width=\"190\"><strong>Disassembled Parts<\/strong><\/td>\n<td>\u00dcr\u00fcn tamam\u0131 demonte g\u00f6nderilmektedir.<\/td>\n<\/tr>\n<\/tbody>\n<\/table>\n<table width=\"554\">\n<tbody>\n<tr>\n<td><\/td>\n<td><strong>Color<\/strong><\/td>\n<td><strong>Size<\/strong><\/td>\n<td><strong>Depth<\/strong><\/td>\n<td><strong>Height<\/strong><\/td>\n<\/tr>\n<tr>\n<td><strong>Alt Mod\u00fcl<\/strong><\/td>\n<td>Standard<\/td>\n<td>210<\/td>\n<td>52<\/td>\n<td>41<\/td>\n<\/tr>\n<tr>\n<td><strong>Dik Mod\u00fcl<\/strong><\/td>\n<td>Standard<\/td>\n<td>36<\/td>\n<td>29<\/td>\n<td>120<\/td>\n<\/tr>\n<tr>\n<td><strong>Yatay Mod\u00fcl<\/strong><\/td>\n<td>Standard<\/td>\n<td>160<\/td>\n<td>29<\/td>\n<td>29<\/td>\n<\/tr>\n<\/tbody>\n<\/table>","protected":false},"excerpt":{"rendered":"<p>Tak\u0131m \u0130\u00e7eri\u011fi Alt mod\u00fcl, dik mod\u00fcl ve \u00fcst yatay mod\u00fclden olu\u015fmaktad\u0131r. Malzeme Suntalam malzemeden \u00fcretilmi\u015ftir. Ayak Malzemesi Metal Ah\u015fap Bak\u0131m\u0131<\/p>","protected":false},"featured_media":4719,"template":"","meta":{"_joinchat":[]},"pwb-brand":[97],"product_brand":[],"product_cat":[76],"product_tag":[],"berocket_brand":[],"class_list":{"0":"post-4718","1":"product","2":"type-product","3":"status-publish","4":"has-post-thumbnail","6":"pwb-brand-rapsodi","7":"product_cat-duvar-uniteleri","9":"first","10":"instock","11":"shipping-taxable","12":"product-type-simple"},"brands":[{"id":97,"name":"Rapsodi","slug":"rapsodi"}],"_links":{"self":[{"href":"https:\/\/gursomobilya.com\/en\/wp-json\/wp\/v2\/product\/4718","targetHints":{"allow":["GET"]}}],"collection":[{"href":"https:\/\/gursomobilya.com\/en\/wp-json\/wp\/v2\/product"}],"about":[{"href":"https:\/\/gursomobilya.com\/en\/wp-json\/wp\/v2\/types\/product"}],"version-history":[{"count":2,"href":"https:\/\/gursomobilya.com\/en\/wp-json\/wp\/v2\/product\/4718\/revisions"}],"predecessor-version":[{"id":4725,"href":"https:\/\/gursomobilya.com\/en\/wp-json\/wp\/v2\/product\/4718\/revisions\/4725"}],"wp:featuredmedia":[{"embeddable":true,"href":"https:\/\/gursomobilya.com\/en\/wp-json\/wp\/v2\/media\/4719"}],"wp:attachment":[{"href":"https:\/\/gursomobilya.com\/en\/wp-json\/wp\/v2\/media?parent=4718"}],"wp:term":[{"taxonomy":"pwb-brand","embeddable":true,"href":"https:\/\/gursomobilya.com\/en\/wp-json\/wp\/v2\/pwb-brand?post=4718"},{"taxonomy":"product_brand","embeddable":true,"href":"https:\/\/gursomobilya.com\/en\/wp-json\/wp\/v2\/product_brand?post=4718"},{"taxonomy":"product_cat","embeddable":true,"href":"https:\/\/gursomobilya.com\/en\/wp-json\/wp\/v2\/product_cat?post=4718"},{"taxonomy":"product_tag","embeddable":true,"href":"https:\/\/gursomobilya.com\/en\/wp-json\/wp\/v2\/product_tag?post=4718"},{"taxonomy":"berocket_brand","embeddable":true,"href":"https:\/\/gursomobilya.com\/en\/wp-json\/wp\/v2\/berocket_brand?post=4718"}],"curies":[{"name":"wp","href":"https:\/\/api.w.org\/{rel}","templated":true}]}}