{"id":4726,"date":"2025-12-02T13:22:37","date_gmt":"2025-12-02T13:22:37","guid":{"rendered":"https:\/\/gursomobilya.com\/?post_type=product&#038;p=4726"},"modified":"2025-12-02T13:22:37","modified_gmt":"2025-12-02T13:22:37","slug":"piero-duvar-uniteleri","status":"publish","type":"product","link":"https:\/\/gursomobilya.com\/en\/product\/piero-duvar-uniteleri\/","title":{"rendered":"Piero Duvar \u00dcniteleri"},"content":{"rendered":"<table width=\"788\">\n<tbody>\n<tr>\n<td width=\"190\"><strong>Content<\/strong><\/td>\n<td>Alt mod\u00fcl ve yan mod\u00fclden olu\u015fmaktad\u0131r.<\/td>\n<\/tr>\n<tr>\n<td width=\"190\"><strong>Material<\/strong><\/td>\n<td>ithal melamin kapl\u0131 yongalam malzemeden \u00fcretilmi\u015ftir.<\/td>\n<\/tr>\n<tr>\n<td width=\"190\"><strong>Foot Material<\/strong><\/td>\n<td>Metal<\/td>\n<\/tr>\n<tr>\n<td width=\"190\"><strong>Wood Care<\/strong><\/td>\n<td>You can clean your furniture by wiping it with a damp cloth. Protect it from direct sunlight. Avoid prolonged contact with hot surfaces and water.<\/td>\n<\/tr>\n<tr>\n<td width=\"190\"><strong>Additional Information<\/strong><\/td>\n<td>\u00c7ekmecelerde teleskopik ray mekanizmas\u0131 kullan\u0131lm\u0131\u015ft\u0131r.<br \/>\nKapaklarda ve \u00e7ekmecelerde otomatik fren sistemi mevcuttur.<br \/>\nKapaklarda 1. s\u0131n\u0131f mente\u015fe kullan\u0131lm\u0131\u015ft\u0131r.<br \/>\n\u00dcr\u00fcn\u00fcn istenilen par\u00e7as\u0131 tek ba\u015f\u0131na sat\u0131n al\u0131nabilir.<\/td>\n<\/tr>\n<tr>\n<td width=\"190\"><strong>Disassembled Parts<\/strong><\/td>\n<td>&nbsp;<\/p>\n<p>\u00dcr\u00fcn tamam\u0131 demonte g\u00f6nderilmektedir.<\/td>\n<\/tr>\n<\/tbody>\n<\/table>\n<p>&nbsp;<\/p>\n<table width=\"496\">\n<tbody>\n<tr>\n<td width=\"369\"><\/td>\n<td width=\"68\">SIZE<\/td>\n<td width=\"68\">DER\u0130NL\u0130K<\/td>\n<td width=\"76\">HEIGHT<\/td>\n<\/tr>\n<\/tbody>\n<\/table>\n<table width=\"473\">\n<tbody>\n<tr>\n<td width=\"369\">PIERO DUVAR \u00dcN\u0130TES\u0130 ALT MOD\u00dcL<\/td>\n<td width=\"68\">214<\/td>\n<td width=\"68\">47<\/td>\n<td width=\"76\">64<\/td>\n<\/tr>\n<tr>\n<td width=\"369\">PIERO DUVAR \u00dcN\u0130TES\u0130 YAN MOD\u00dcL<\/td>\n<td width=\"68\">90<\/td>\n<td width=\"68\">30<\/td>\n<td width=\"76\">180<\/td>\n<\/tr>\n<\/tbody>\n<\/table>","protected":false},"excerpt":{"rendered":"<p>Tak\u0131m \u0130\u00e7eri\u011fi Alt mod\u00fcl ve yan mod\u00fclden olu\u015fmaktad\u0131r. Malzeme ithal melamin kapl\u0131 yongalam malzemeden \u00fcretilmi\u015ftir. Ayak Malzemesi Metal Ah\u015fap Bak\u0131m\u0131<\/p>","protected":false},"featured_media":4727,"template":"","meta":{"_joinchat":[]},"pwb-brand":[97],"product_brand":[],"product_cat":[76],"product_tag":[],"berocket_brand":[],"class_list":{"0":"post-4726","1":"product","2":"type-product","3":"status-publish","4":"has-post-thumbnail","6":"pwb-brand-rapsodi","7":"product_cat-duvar-uniteleri","9":"first","10":"instock","11":"shipping-taxable","12":"product-type-simple"},"brands":[{"id":97,"name":"Rapsodi","slug":"rapsodi"}],"_links":{"self":[{"href":"https:\/\/gursomobilya.com\/en\/wp-json\/wp\/v2\/product\/4726","targetHints":{"allow":["GET"]}}],"collection":[{"href":"https:\/\/gursomobilya.com\/en\/wp-json\/wp\/v2\/product"}],"about":[{"href":"https:\/\/gursomobilya.com\/en\/wp-json\/wp\/v2\/types\/product"}],"version-history":[{"count":1,"href":"https:\/\/gursomobilya.com\/en\/wp-json\/wp\/v2\/product\/4726\/revisions"}],"predecessor-version":[{"id":4733,"href":"https:\/\/gursomobilya.com\/en\/wp-json\/wp\/v2\/product\/4726\/revisions\/4733"}],"wp:featuredmedia":[{"embeddable":true,"href":"https:\/\/gursomobilya.com\/en\/wp-json\/wp\/v2\/media\/4727"}],"wp:attachment":[{"href":"https:\/\/gursomobilya.com\/en\/wp-json\/wp\/v2\/media?parent=4726"}],"wp:term":[{"taxonomy":"pwb-brand","embeddable":true,"href":"https:\/\/gursomobilya.com\/en\/wp-json\/wp\/v2\/pwb-brand?post=4726"},{"taxonomy":"product_brand","embeddable":true,"href":"https:\/\/gursomobilya.com\/en\/wp-json\/wp\/v2\/product_brand?post=4726"},{"taxonomy":"product_cat","embeddable":true,"href":"https:\/\/gursomobilya.com\/en\/wp-json\/wp\/v2\/product_cat?post=4726"},{"taxonomy":"product_tag","embeddable":true,"href":"https:\/\/gursomobilya.com\/en\/wp-json\/wp\/v2\/product_tag?post=4726"},{"taxonomy":"berocket_brand","embeddable":true,"href":"https:\/\/gursomobilya.com\/en\/wp-json\/wp\/v2\/berocket_brand?post=4726"}],"curies":[{"name":"wp","href":"https:\/\/api.w.org\/{rel}","templated":true}]}}