{"id":4741,"date":"2025-12-02T13:29:25","date_gmt":"2025-12-02T13:29:25","guid":{"rendered":"https:\/\/gursomobilya.com\/?post_type=product&#038;p=4741"},"modified":"2025-12-02T13:29:26","modified_gmt":"2025-12-02T13:29:26","slug":"bonita-duvar-uniteleri","status":"publish","type":"product","link":"https:\/\/gursomobilya.com\/en\/product\/bonita-duvar-uniteleri\/","title":{"rendered":"Bonita Duvar \u00dcniteleri"},"content":{"rendered":"<table width=\"789\">\n<tbody>\n<tr>\n<td width=\"190\"><strong>Content<\/strong><\/td>\n<td>Kitapl\u0131k mod\u00fcl\u00fc duvar modulu ve dik mod\u00fclden olu\u015fmaktad\u0131r.<\/td>\n<\/tr>\n<tr>\n<td width=\"190\"><strong>Material<\/strong><\/td>\n<td>\u0130thal melamin kapl\u0131 yonga-lam<\/td>\n<\/tr>\n<tr>\n<td width=\"190\"><strong>Foot Material<\/strong><\/td>\n<td>Yonga-lam<\/td>\n<\/tr>\n<tr>\n<td width=\"190\"><strong>Top Surface Material<\/strong><\/td>\n<td>\u0130thal melamin kapl\u0131 yonga-lam<\/td>\n<\/tr>\n<tr>\n<td width=\"190\"><strong>Wood Care<\/strong><\/td>\n<td>You can clean your furniture by wiping it with a damp cloth. Protect it from direct sunlight. Avoid prolonged contact with hot surfaces and water.<\/td>\n<\/tr>\n<tr>\n<td width=\"190\"><strong>Additional Information<\/strong><\/td>\n<td>\u00c7ekmecelerde teleskopik ray mekanizmas\u0131 kullan\u0131lm\u0131\u015ft\u0131r.<br \/>\nKapaklarda ve \u00e7ekmecelerde otomatik fren sistemi mevcuttur.<br \/>\nKapaklarda 1. s\u0131n\u0131f mente\u015fe kullan\u0131lm\u0131\u015ft\u0131r.<br \/>\n\u00dcr\u00fcn\u00fcn istenilen par\u00e7as\u0131 tek ba\u015f\u0131na sat\u0131n al\u0131nabilir.<\/td>\n<\/tr>\n<tr>\n<td width=\"190\"><strong>Disassembled Parts<\/strong><\/td>\n<td>\u00dcr\u00fcn tamam\u0131 demonte g\u00f6nderilmektedir.<\/td>\n<\/tr>\n<\/tbody>\n<\/table>\n<table width=\"704\">\n<tbody>\n<tr>\n<td width=\"379\"><\/td>\n<td width=\"68\">boy<\/td>\n<td width=\"68\">derinlik<\/td>\n<td width=\"76\">y\u00fckseklik<\/td>\n<\/tr>\n<tr>\n<td width=\"379\">BONITA DUVAR \u00dcN\u0130TES\u0130<\/td>\n<td width=\"68\">200<\/td>\n<td width=\"68\">47<\/td>\n<td width=\"76\">170<\/td>\n<\/tr>\n<tr>\n<td width=\"379\">BONITA DUVAR \u00dcN\u0130TES\u0130 D\u0130K MOD\u00dcL<\/td>\n<td width=\"68\">60<\/td>\n<td width=\"68\">47<\/td>\n<td width=\"76\">170<\/td>\n<\/tr>\n<tr>\n<td width=\"379\">BONITA DUVAR \u00dcN\u0130TES\u0130 K\u0130TAPLIK MOD\u00dcL<\/td>\n<td width=\"68\">60<\/td>\n<td width=\"68\">47<\/td>\n<td width=\"76\">170<\/td>\n<\/tr>\n<\/tbody>\n<\/table>","protected":false},"excerpt":{"rendered":"<p>Tak\u0131m \u0130\u00e7eri\u011fi Kitapl\u0131k mod\u00fcl\u00fc duvar modulu ve dik mod\u00fclden olu\u015fmaktad\u0131r. Malzeme \u0130thal melamin kapl\u0131 yonga-lam Ayak Malzemesi Yonga-lam \u00dcst Y\u00fczey<\/p>","protected":false},"featured_media":4742,"template":"","meta":{"_joinchat":[]},"pwb-brand":[97],"product_brand":[],"product_cat":[76],"product_tag":[],"berocket_brand":[],"class_list":{"0":"post-4741","1":"product","2":"type-product","3":"status-publish","4":"has-post-thumbnail","6":"pwb-brand-rapsodi","7":"product_cat-duvar-uniteleri","9":"first","10":"instock","11":"shipping-taxable","12":"product-type-simple"},"brands":[{"id":97,"name":"Rapsodi","slug":"rapsodi"}],"_links":{"self":[{"href":"https:\/\/gursomobilya.com\/en\/wp-json\/wp\/v2\/product\/4741","targetHints":{"allow":["GET"]}}],"collection":[{"href":"https:\/\/gursomobilya.com\/en\/wp-json\/wp\/v2\/product"}],"about":[{"href":"https:\/\/gursomobilya.com\/en\/wp-json\/wp\/v2\/types\/product"}],"version-history":[{"count":1,"href":"https:\/\/gursomobilya.com\/en\/wp-json\/wp\/v2\/product\/4741\/revisions"}],"predecessor-version":[{"id":4747,"href":"https:\/\/gursomobilya.com\/en\/wp-json\/wp\/v2\/product\/4741\/revisions\/4747"}],"wp:featuredmedia":[{"embeddable":true,"href":"https:\/\/gursomobilya.com\/en\/wp-json\/wp\/v2\/media\/4742"}],"wp:attachment":[{"href":"https:\/\/gursomobilya.com\/en\/wp-json\/wp\/v2\/media?parent=4741"}],"wp:term":[{"taxonomy":"pwb-brand","embeddable":true,"href":"https:\/\/gursomobilya.com\/en\/wp-json\/wp\/v2\/pwb-brand?post=4741"},{"taxonomy":"product_brand","embeddable":true,"href":"https:\/\/gursomobilya.com\/en\/wp-json\/wp\/v2\/product_brand?post=4741"},{"taxonomy":"product_cat","embeddable":true,"href":"https:\/\/gursomobilya.com\/en\/wp-json\/wp\/v2\/product_cat?post=4741"},{"taxonomy":"product_tag","embeddable":true,"href":"https:\/\/gursomobilya.com\/en\/wp-json\/wp\/v2\/product_tag?post=4741"},{"taxonomy":"berocket_brand","embeddable":true,"href":"https:\/\/gursomobilya.com\/en\/wp-json\/wp\/v2\/berocket_brand?post=4741"}],"curies":[{"name":"wp","href":"https:\/\/api.w.org\/{rel}","templated":true}]}}