{"id":5113,"date":"2026-04-10T22:12:13","date_gmt":"2026-04-10T22:12:13","guid":{"rendered":"https:\/\/gursomobilya.com\/?post_type=product&#038;p=5113"},"modified":"2026-04-20T19:53:01","modified_gmt":"2026-04-20T19:53:01","slug":"marte-yemek-odasi-takimi","status":"publish","type":"product","link":"https:\/\/gursomobilya.com\/en\/product\/marte-yemek-odasi-takimi\/","title":{"rendered":"Marte Yemek Odas\u0131 Tak\u0131m\u0131"},"content":{"rendered":"","protected":false},"excerpt":{"rendered":"","protected":false},"featured_media":5115,"template":"","meta":{"_joinchat":[]},"pwb-brand":[98],"product_brand":[],"product_cat":[124,28],"product_tag":[],"berocket_brand":[125],"class_list":{"0":"post-5113","1":"product","2":"type-product","3":"status-publish","4":"has-post-thumbnail","6":"pwb-brand-kilim","7":"product_cat-ayin-en-populer-urunleri","8":"product_cat-yemek-odasi-takimlari","9":"berocket_brand-kilim","11":"first","12":"instock","13":"shipping-taxable","14":"product-type-simple"},"brands":[{"id":98,"name":"Kilim","slug":"kilim"}],"_links":{"self":[{"href":"https:\/\/gursomobilya.com\/en\/wp-json\/wp\/v2\/product\/5113","targetHints":{"allow":["GET"]}}],"collection":[{"href":"https:\/\/gursomobilya.com\/en\/wp-json\/wp\/v2\/product"}],"about":[{"href":"https:\/\/gursomobilya.com\/en\/wp-json\/wp\/v2\/types\/product"}],"version-history":[{"count":1,"href":"https:\/\/gursomobilya.com\/en\/wp-json\/wp\/v2\/product\/5113\/revisions"}],"predecessor-version":[{"id":5114,"href":"https:\/\/gursomobilya.com\/en\/wp-json\/wp\/v2\/product\/5113\/revisions\/5114"}],"wp:featuredmedia":[{"embeddable":true,"href":"https:\/\/gursomobilya.com\/en\/wp-json\/wp\/v2\/media\/5115"}],"wp:attachment":[{"href":"https:\/\/gursomobilya.com\/en\/wp-json\/wp\/v2\/media?parent=5113"}],"wp:term":[{"taxonomy":"pwb-brand","embeddable":true,"href":"https:\/\/gursomobilya.com\/en\/wp-json\/wp\/v2\/pwb-brand?post=5113"},{"taxonomy":"product_brand","embeddable":true,"href":"https:\/\/gursomobilya.com\/en\/wp-json\/wp\/v2\/product_brand?post=5113"},{"taxonomy":"product_cat","embeddable":true,"href":"https:\/\/gursomobilya.com\/en\/wp-json\/wp\/v2\/product_cat?post=5113"},{"taxonomy":"product_tag","embeddable":true,"href":"https:\/\/gursomobilya.com\/en\/wp-json\/wp\/v2\/product_tag?post=5113"},{"taxonomy":"berocket_brand","embeddable":true,"href":"https:\/\/gursomobilya.com\/en\/wp-json\/wp\/v2\/berocket_brand?post=5113"}],"curies":[{"name":"wp","href":"https:\/\/api.w.org\/{rel}","templated":true}]}}