{"id":5184,"date":"2026-04-11T14:05:05","date_gmt":"2026-04-11T14:05:05","guid":{"rendered":"https:\/\/gursomobilya.com\/?post_type=product&#038;p=5184"},"modified":"2026-04-20T19:46:44","modified_gmt":"2026-04-20T19:46:44","slug":"firat-koltuk-takimi","status":"publish","type":"product","link":"https:\/\/gursomobilya.com\/en\/product\/firat-koltuk-takimi\/","title":{"rendered":"F\u0131rat Koltuk Tak\u0131m\u0131"},"content":{"rendered":"","protected":false},"excerpt":{"rendered":"","protected":false},"featured_media":5185,"template":"","meta":{"_joinchat":[]},"pwb-brand":[98],"product_brand":[],"product_cat":[124,72,78],"product_tag":[],"berocket_brand":[125],"class_list":{"0":"post-5184","1":"product","2":"type-product","3":"status-publish","4":"has-post-thumbnail","6":"pwb-brand-kilim","7":"product_cat-ayin-en-populer-urunleri","8":"product_cat-koltuk-takimlari","9":"product_cat-koltuk-takimlari-koltuk-takimlari","10":"berocket_brand-kilim","12":"first","13":"instock","14":"shipping-taxable","15":"product-type-simple"},"brands":[{"id":98,"name":"Kilim","slug":"kilim"}],"_links":{"self":[{"href":"https:\/\/gursomobilya.com\/en\/wp-json\/wp\/v2\/product\/5184","targetHints":{"allow":["GET"]}}],"collection":[{"href":"https:\/\/gursomobilya.com\/en\/wp-json\/wp\/v2\/product"}],"about":[{"href":"https:\/\/gursomobilya.com\/en\/wp-json\/wp\/v2\/types\/product"}],"version-history":[{"count":2,"href":"https:\/\/gursomobilya.com\/en\/wp-json\/wp\/v2\/product\/5184\/revisions"}],"predecessor-version":[{"id":5293,"href":"https:\/\/gursomobilya.com\/en\/wp-json\/wp\/v2\/product\/5184\/revisions\/5293"}],"wp:featuredmedia":[{"embeddable":true,"href":"https:\/\/gursomobilya.com\/en\/wp-json\/wp\/v2\/media\/5185"}],"wp:attachment":[{"href":"https:\/\/gursomobilya.com\/en\/wp-json\/wp\/v2\/media?parent=5184"}],"wp:term":[{"taxonomy":"pwb-brand","embeddable":true,"href":"https:\/\/gursomobilya.com\/en\/wp-json\/wp\/v2\/pwb-brand?post=5184"},{"taxonomy":"product_brand","embeddable":true,"href":"https:\/\/gursomobilya.com\/en\/wp-json\/wp\/v2\/product_brand?post=5184"},{"taxonomy":"product_cat","embeddable":true,"href":"https:\/\/gursomobilya.com\/en\/wp-json\/wp\/v2\/product_cat?post=5184"},{"taxonomy":"product_tag","embeddable":true,"href":"https:\/\/gursomobilya.com\/en\/wp-json\/wp\/v2\/product_tag?post=5184"},{"taxonomy":"berocket_brand","embeddable":true,"href":"https:\/\/gursomobilya.com\/en\/wp-json\/wp\/v2\/berocket_brand?post=5184"}],"curies":[{"name":"wp","href":"https:\/\/api.w.org\/{rel}","templated":true}]}}